{"id":30,"date":"2014-01-14T08:04:35","date_gmt":"2014-01-14T06:04:35","guid":{"rendered":"http:\/\/fcb-dreilaendereck.de\/?page_id=30"},"modified":"2023-02-08T22:11:43","modified_gmt":"2023-02-08T20:11:43","slug":"impressum","status":"publish","type":"page","link":"http:\/\/fcb-dreilaendereck.de\/?page_id=30","title":{"rendered":"Impressum"},"content":{"rendered":"<p>Diese Homepage wird bereitgestellt von:<\/p>\n<p>FC Bayern Fanclub Dreil\u00e4ndereck<\/p>\n<p>1. Vors.: Engelbert Krause<br \/>\nSudermannstr. 3<br \/>\n79206 Breisach<br \/>\nTel.: 07667 3798338<br \/>\nMobil: 0172 7663639<\/p>\n<p>Webmaster: CTR Klaus Riesterer<\/p>\n<p>Quellenhinweise:<\/p>\n<p>Die unter &#8218;FC-Bayern Links&#8216; verlinkten Daten verweisen auf die Seiten:<\/p>\n<address>fc-bayern.de<br \/>\nallianz-arena.de<br \/>\nbundesliga.de<\/address>\n<address>dfb.de<\/address>\n<p>Haftungshinweis:<\/p>\n<p>Trotz sorgf\u00e4ltiger inhaltlicher Kontrolle \u00fcbernehmen wir keine Haftung f\u00fcr die Inhalte externer Links. F\u00fcr den Inhalt der verlinkten Seiten sind ausschlie\u00dflich deren Betreiber verantwortlich.<\/p>\n<p>Bildnachweis:<\/p>\n<p>Trauerkerze<\/p>\n<p>\u00a9<a href=\"https:\/\/de.fotolia.com\/p\/202450920\">Jamrooferpix <\/a>\u2013 Fotolia.com<\/p>\n","protected":false},"excerpt":{"rendered":"<p>Diese Homepage wird bereitgestellt von: FC Bayern Fanclub Dreil\u00e4ndereck 1. Vors.: Engelbert Krause Sudermannstr. 3 79206 Breisach Tel.: 07667 3798338 Mobil: 0172 7663639 Webmaster: CTR Klaus Riesterer Quellenhinweise: Die unter &#8218;FC-Bayern Links&#8216; verlinkten Daten verweisen auf die Seiten: fc-bayern.de allianz-arena.de &hellip;<\/p>\n<p><a href=\"http:\/\/fcb-dreilaendereck.de\/?page_id=30\">Continue Reading<span class=\"meta-nav\">&rarr;<\/span><\/a><\/p>\n","protected":false},"author":1,"featured_media":0,"parent":0,"menu_order":0,"comment_status":"closed","ping_status":"closed","template":"","meta":{"ngg_post_thumbnail":0,"footnotes":""},"class_list":["post-30","page","type-page","status-publish","hentry"],"_links":{"self":[{"href":"http:\/\/fcb-dreilaendereck.de\/index.php?rest_route=\/wp\/v2\/pages\/30","targetHints":{"allow":["GET"]}}],"collection":[{"href":"http:\/\/fcb-dreilaendereck.de\/index.php?rest_route=\/wp\/v2\/pages"}],"about":[{"href":"http:\/\/fcb-dreilaendereck.de\/index.php?rest_route=\/wp\/v2\/types\/page"}],"author":[{"embeddable":true,"href":"http:\/\/fcb-dreilaendereck.de\/index.php?rest_route=\/wp\/v2\/users\/1"}],"replies":[{"embeddable":true,"href":"http:\/\/fcb-dreilaendereck.de\/index.php?rest_route=%2Fwp%2Fv2%2Fcomments&post=30"}],"version-history":[{"count":9,"href":"http:\/\/fcb-dreilaendereck.de\/index.php?rest_route=\/wp\/v2\/pages\/30\/revisions"}],"predecessor-version":[{"id":376,"href":"http:\/\/fcb-dreilaendereck.de\/index.php?rest_route=\/wp\/v2\/pages\/30\/revisions\/376"}],"wp:attachment":[{"href":"http:\/\/fcb-dreilaendereck.de\/index.php?rest_route=%2Fwp%2Fv2%2Fmedia&parent=30"}],"curies":[{"name":"wp","href":"https:\/\/api.w.org\/{rel}","templated":true}]}}