{"id":28,"date":"2018-05-02T15:00:23","date_gmt":"2018-05-02T13:00:23","guid":{"rendered":"http:\/\/fcb-dreilaendereck.de\/?page_id=28"},"modified":"2026-02-17T14:29:34","modified_gmt":"2026-02-17T12:29:34","slug":"fahrten","status":"publish","type":"page","link":"http:\/\/fcb-dreilaendereck.de\/?page_id=28","title":{"rendered":"Fahrten"},"content":{"rendered":"<h3><strong><span style=\"color: #ff0000;\">\u21d2 Info zu Kartenbestellungen und Bestellvergabe:<\/span> <\/strong><\/h3>\n<h2 style=\"text-align: center;\"><strong>Zuk\u00fcnftig werden nur noch Kartenbestellungen per E-Mail an <a href=\"mailto:bestellung@fcb-dreilaendereck.de\" target=\"_blank\" rel=\"noopener noreferrer\">bestellung@fcb-dreilaendereck.de<\/a> akzeptiert.<\/strong><br \/><strong>Ansprechpartner f\u00fcr Bestellung der Karten ist Dirk Beck.<\/strong><br \/><strong>Bestellungen per Whatsapp, Anruf oder sonstige Wege k\u00f6nnen aus organisatorischen Gr\u00fcnden nicht mehr akzeptiert weden.<\/strong><br \/>Mitglieder des FCB Fanclub Dreil\u00e4ndereck k\u00f6nnen sofort nach Bekanntgabe des Spielplans vorrangig Pl\u00e4tze f\u00fcr unsere Busfahrten erwerben.<\/h2>\n<p><strong>Leistungen:<\/strong> Busfahrt in modernem Reisebus der Fa. Sutter Reisen mit WC, warmes Vesper auf der Hinfahrt und Sitzplatzkarte Kategorie 3 oder 4.<\/p>\n<p><strong>Hinweis:<\/strong> Bei <strong>TOP-Spielen<\/strong> behalten wir uns vor die Bestellmenge der Teilnehmer auf <strong>zwei Karten<\/strong> zu kontigentieren damit m\u00f6glichst viele Mitglieder mitfahren k\u00f6nnen.<\/p>\n<h3><span style=\"text-decoration: underline;\"><span style=\"color: #ff0000; text-decoration: underline;\">\u21d2<strong> Info und Anmeldung:<\/strong><\/span><\/span><\/h3>\n<p>per E-Mail: <strong><a href=\"mailto:bestellung@fcb-dreilaendereck.de\">bestellung@fcb-dreilaendereck.de<\/a><\/strong><\/p>\n<ul>\n<li><strong>Bitte alle vollst\u00e4ndigen Namen, Alter, Adressen und Telefonnummer f\u00fcr R\u00fcckfragen!!!<\/strong><\/li>\n<li><strong>Nach der Anmeldung bitte pro Person umgehend den Fahrten- und Kartenbetrag unter Angabe des Spieles auf unser Konto bei der Volksbank Breisgau-S\u00fcd e.G. \u00fcberweisen:<\/strong><\/li>\n<\/ul>\n<p style=\"padding-left: 30px;\"><strong>Bank: Volksbank Breisgau S\u00fcd e.G.<br \/>Konto (IBAN): DE47 6806 1505 0040 1608 09<\/strong><\/p>\n<p style=\"padding-left: 30px;\"><strong>Verwendungszweck: Bitte die Spielpaarung angeben<\/strong><\/p>\n<p style=\"padding-left: 30px;\"><strong>Kontoinhaber: FCB Dreilaendereck, E. Krause<\/strong><\/p>\n<h3><span style=\"text-decoration: underline;\"><span style=\"color: #ff0000; text-decoration: underline;\"><strong>\u21d2 Busfahrten zu den Bundesligaheimspielen <\/strong><strong>Saison 2025-2026:<\/strong><\/span><\/span><\/h3>\n<p><strong><span class=\"match-time\"><span class=\"fcb-match-info default-transform\" data-match-time=\"{ &quot;type&quot;:&quot;long&quot;, &quot;showDay&quot;:&quot;true&quot;, &quot;startTime&quot;:&quot;2019-08-31T15:30:00+02:00&quot;, &quot;endTime&quot;:&quot;&quot;}\">SA | 22.11.2025 | <\/span><\/span>\u00a0FC Bayern M\u00fcnchen &#8211; SC Freiburg 6:2<br \/><\/strong><\/p>\n<p><strong><span class=\"match-time\"><span class=\"fcb-match-info default-transform\" data-match-time=\"{ &quot;type&quot;:&quot;long&quot;, &quot;showDay&quot;:&quot;true&quot;, &quot;startTime&quot;:&quot;2019-08-31T15:30:00+02:00&quot;, &quot;endTime&quot;:&quot;&quot;}\">SO | 14.12.2025 |<\/span><\/span> FC Bayern M\u00fcnchen &#8211; SV Mainz 2:2<br \/><\/strong><\/p>\n<p><strong><span class=\"match-time\"><span class=\"fcb-match-info default-transform\" data-match-time=\"{ &quot;type&quot;:&quot;long&quot;, &quot;showDay&quot;:&quot;true&quot;, &quot;startTime&quot;:&quot;2019-08-31T15:30:00+02:00&quot;, &quot;endTime&quot;:&quot;&quot;}\">SO | 08.02.2026 |<\/span><\/span> FC Bayern M\u00fcnchen &#8211; TSG Hoffenheim 5:1<br \/><\/strong><\/p>\n<p><strong><span class=\"match-time\"><span class=\"fcb-match-info default-transform\" data-match-time=\"{ &quot;type&quot;:&quot;long&quot;, &quot;showDay&quot;:&quot;true&quot;, &quot;startTime&quot;:&quot;2019-08-31T15:30:00+02:00&quot;, &quot;endTime&quot;:&quot;&quot;}\">SA | 21.02.2026 |<\/span><\/span> FC Bayern M\u00fcnchen &#8211; Eintracht Frankfurt<\/strong><\/p>\n<p><strong><span class=\"match-time\"><span class=\"fcb-match-info default-transform\" data-match-time=\"{ &quot;type&quot;:&quot;long&quot;, &quot;showDay&quot;:&quot;true&quot;, &quot;startTime&quot;:&quot;2019-08-31T15:30:00+02:00&quot;, &quot;endTime&quot;:&quot;&quot;}\">FR | 17.04.2026 &#8211; 19.04.2026 |<\/span><\/span> FC Bayern M\u00fcnchen &#8211; VFB Stuttgart (Dreitagesfahrt) <\/strong><\/p>\n<p><strong>***<\/strong>Abfahrtszeiten- und Orte einsehbar unter <strong><em><a href=\"http:\/\/fcb-dreilaendereck.de.w01ab5d4.kasserver.com\/?cat=3\">\u201eAktuell\u201c<\/a><\/em><\/strong><\/p>\n<p><strong>Ihr k\u00f6nnt ab sofort per Mail bestellen. <br \/>Bitte Stuttgart noch abwarten, da kommen in den n\u00e4chsten Wochen noch mehr Informationen.<br \/>MIA\u00a0SAN\u00a0MIA\u00a0Dirk<\/strong><\/p>\n<p><strong>\u00a0<\/strong><\/p>\n<p>\u00a0<\/p>\n\n\n\n","protected":false},"excerpt":{"rendered":"<p>\u21d2 Info zu Kartenbestellungen und Bestellvergabe: Zuk\u00fcnftig werden nur noch Kartenbestellungen per E-Mail an bestellung@fcb-dreilaendereck.de akzeptiert.Ansprechpartner f\u00fcr Bestellung der Karten ist Dirk Beck.Bestellungen per Whatsapp, Anruf oder sonstige Wege k\u00f6nnen aus organisatorischen Gr\u00fcnden nicht mehr akzeptiert weden.Mitglieder des FCB Fanclub &hellip;<\/p>\n<p><a href=\"http:\/\/fcb-dreilaendereck.de\/?page_id=28\">Continue Reading<span class=\"meta-nav\">&rarr;<\/span><\/a><\/p>\n","protected":false},"author":1,"featured_media":0,"parent":0,"menu_order":0,"comment_status":"closed","ping_status":"closed","template":"","meta":{"ngg_post_thumbnail":0,"footnotes":""},"class_list":["post-28","page","type-page","status-publish","hentry"],"_links":{"self":[{"href":"http:\/\/fcb-dreilaendereck.de\/index.php?rest_route=\/wp\/v2\/pages\/28","targetHints":{"allow":["GET"]}}],"collection":[{"href":"http:\/\/fcb-dreilaendereck.de\/index.php?rest_route=\/wp\/v2\/pages"}],"about":[{"href":"http:\/\/fcb-dreilaendereck.de\/index.php?rest_route=\/wp\/v2\/types\/page"}],"author":[{"embeddable":true,"href":"http:\/\/fcb-dreilaendereck.de\/index.php?rest_route=\/wp\/v2\/users\/1"}],"replies":[{"embeddable":true,"href":"http:\/\/fcb-dreilaendereck.de\/index.php?rest_route=%2Fwp%2Fv2%2Fcomments&post=28"}],"version-history":[{"count":166,"href":"http:\/\/fcb-dreilaendereck.de\/index.php?rest_route=\/wp\/v2\/pages\/28\/revisions"}],"predecessor-version":[{"id":1163,"href":"http:\/\/fcb-dreilaendereck.de\/index.php?rest_route=\/wp\/v2\/pages\/28\/revisions\/1163"}],"wp:attachment":[{"href":"http:\/\/fcb-dreilaendereck.de\/index.php?rest_route=%2Fwp%2Fv2%2Fmedia&parent=28"}],"curies":[{"name":"wp","href":"https:\/\/api.w.org\/{rel}","templated":true}]}}