{"id":2,"date":"2018-05-02T14:30:51","date_gmt":"2018-05-02T12:30:51","guid":{"rendered":"http:\/\/fcb-dreilaendereck.de\/?page_id=2"},"modified":"2026-02-17T14:19:26","modified_gmt":"2026-02-17T12:19:26","slug":"beispiel-seite","status":"publish","type":"page","link":"http:\/\/fcb-dreilaendereck.de\/","title":{"rendered":"Startseite"},"content":{"rendered":"<h2 style=\"text-align: center;\"><span style=\"color: #993300;\">Herzlich Willkommen beim <\/span><\/h2>\n<h2 style=\"text-align: center;\"><span style=\"color: #993300;\">FC Bayern M\u00fcnchen Fan-Club Dreil\u00e4ndereck<\/span><\/h2>\n<p style=\"text-align: center;\">Weitere\u00a0 Informationen und Bilder findet Ihr auch auf unserer <span style=\"color: #000000;\"><a style=\"color: #000000;\" href=\"https:\/\/www.facebook.com\/FC-Bayern-M%C3%BCnchen-Fanclub-Dreil%C3%A4ndereck-235208980473\/\">Facebook-Seite<\/a><\/span><\/p>\n<p style=\"text-align: center;\"><span style=\"color: #000000;\"> wo Ihr auch die Seite unseres Premium-Partners liken Teilen und weiterempfehlen k\u00f6nnt:<\/span><\/p>\n<p style=\"text-align: center;\"><a href=\"https:\/\/www.facebook.com\/FC-Bayern-M%C3%BCnchen-Fanclub-Dreil%C3%A4ndereck-235208980473\/\"><img loading=\"lazy\" decoding=\"async\" class=\"alignnone wp-image-268\" src=\"http:\/\/fcb-dreilaendereck.de.w01ab5d4.kasserver.com\/wp-content\/uploads\/2014\/09\/Facebook_New_Logo_2015.svg_.png\" alt=\"Facebook_New_Logo_(2015).svg\" width=\"190\" height=\"71\" \/><\/a><a href=\"http:\/\/www.das-onlinebuch.de\/\"><img loading=\"lazy\" decoding=\"async\" class=\"alignnone wp-image-551\" src=\"http:\/\/fcb-dreilaendereck.de.w01ab5d4.kasserver.com\/wp-content\/uploads\/2014\/09\/Logo_Das_Onlinebuch-300x62.jpg\" alt=\"Logo_Das_Onlinebuch\" width=\"320\" height=\"66\" srcset=\"http:\/\/fcb-dreilaendereck.de\/wp-content\/uploads\/2014\/09\/Logo_Das_Onlinebuch-300x62.jpg 300w, http:\/\/fcb-dreilaendereck.de\/wp-content\/uploads\/2014\/09\/Logo_Das_Onlinebuch-768x158.jpg 768w, http:\/\/fcb-dreilaendereck.de\/wp-content\/uploads\/2014\/09\/Logo_Das_Onlinebuch-1024x210.jpg 1024w, http:\/\/fcb-dreilaendereck.de\/wp-content\/uploads\/2014\/09\/Logo_Das_Onlinebuch-500x103.jpg 500w, http:\/\/fcb-dreilaendereck.de\/wp-content\/uploads\/2014\/09\/Logo_Das_Onlinebuch.jpg 1718w\" sizes=\"auto, (max-width: 320px) 100vw, 320px\" \/><\/a><\/p>\n<div id=\"attachment_722\" style=\"width: 310px\" class=\"wp-caption aligncenter\"><a href=\"http:\/\/fcb-dreilaendereck.de.w01ab5d4.kasserver.com\/wp-content\/uploads\/2019\/07\/Spende-F\u00f6rderverein-Freiburg.jpeg\"><img loading=\"lazy\" decoding=\"async\" aria-describedby=\"caption-attachment-722\" class=\"wp-image-722 size-medium\" src=\"http:\/\/fcb-dreilaendereck.de.w01ab5d4.kasserver.com\/wp-content\/uploads\/2019\/07\/Spende-F\u00f6rderverein-Freiburg-300x200.jpeg\" alt=\"\" width=\"300\" height=\"200\" srcset=\"http:\/\/fcb-dreilaendereck.de\/wp-content\/uploads\/2019\/07\/Spende-F\u00f6rderverein-Freiburg-300x200.jpeg 300w, http:\/\/fcb-dreilaendereck.de\/wp-content\/uploads\/2019\/07\/Spende-F\u00f6rderverein-Freiburg-768x511.jpeg 768w, http:\/\/fcb-dreilaendereck.de\/wp-content\/uploads\/2019\/07\/Spende-F\u00f6rderverein-Freiburg-451x300.jpeg 451w, http:\/\/fcb-dreilaendereck.de\/wp-content\/uploads\/2019\/07\/Spende-F\u00f6rderverein-Freiburg.jpeg 859w\" sizes=\"auto, (max-width: 300px) 100vw, 300px\" \/><\/a><p id=\"caption-attachment-722\" class=\"wp-caption-text\">Spenden\u00fcbergabe an den F\u00f6rderverein f\u00fcr krebskranke Kinder e.V. Freiburg im Breisgau (<a href=\"https:\/\/www.helfen-hilft.de\/wie-andere-helfen\/unsere-spende-ist-zu-100-am-richtigen-ort-angelangt\/\" target=\"_blank\" rel=\"noopener noreferrer\">Bericht lesen<\/a>)<strong><span style=\"color: #993300;\"> \u00a0 <\/span><\/strong><\/p><\/div>\n<h2 style=\"text-align: center;\"><span style=\"color: #ff0000;\"><strong>\u21d2 Karten f\u00fcr das aktuelle Spiel k\u00f6nnen ab sofort <a href=\"http:\/\/fcb-dreilaendereck.de\/?page_id=28\">hier <\/a><\/strong><\/span><span style=\"color: #ff0000;\"><strong>bestellt <\/strong><\/span><span style=\"background-color: #ff0000; color: #ff0000;\"><strong><span style=\"background-color: #ffffff;\">werden<\/span><\/strong><\/span><span style=\"color: #ff0000;\"><strong> \u21d0<\/strong><\/span><\/h2>\n<p style=\"padding-left: 30px;\"><strong><span style=\"color: #993300;\">\u21d2 Wichtige Infos zum Weiterverkauf von Tickets <em><span style=\"color: #000000;\">&#8222;<a style=\"color: #000000;\" href=\"http:\/\/fcb-dreilaendereck.de.w01ab5d4.kasserver.com\/wp-content\/uploads\/2019\/08\/Infoblatt_Busfahrt_Weiterverkauf_von_Karten.pdf\" target=\"_blank\" rel=\"noopener noreferrer\">Infoblatt<\/a>&#8222;<\/span><\/em><\/span><\/strong><\/p>\n<p style=\"padding-left: 30px;\"><strong><span style=\"color: #993300;\">\u21d2 Neue Informationen zu den Spielen 2025\/2026 sind online unter <em><span style=\"color: #000000;\"><a style=\"color: #000000;\" href=\"http:\/\/fcb-dreilaendereck.de.w01ab5d4.kasserver.com\/?page_id=28\">&#8222;Fahrten&#8220;<\/a><\/span><\/em><\/span><\/strong><\/p>\n<p style=\"padding-left: 30px;\"><strong><span style=\"color: #993300;\">\u21d2 Bitte beachten! Ge\u00e4nderte Sicherheitsvorkehrungen in der Allianz-Arena unter<\/span> <span style=\"color: #000000;\"><em><a style=\"color: #000000;\" href=\"http:\/\/fcb-dreilaendereck.de.w01ab5d4.kasserver.com\/?cat=3\">&#8222;Aktuell&#8220;<\/a><\/em><\/span><span style=\"color: #993300;\"><br \/>\n<\/span><\/strong><\/p>\n<p style=\"padding-left: 30px;\"><strong><span style=\"color: #993300;\">\u21d2 Anreise &amp; Parken in der Allianz Arena &#8211;<span style=\"color: #000000;\"><a style=\"color: #000000;\" href=\"https:\/\/allianz-arena.com\/de\/spieltag\/anreise-und-parken\"><em> &#8222;Wegleitsystem zum Sitzplatz&#8220;<\/em><\/a><\/span><\/span><\/strong><\/p>\n<p style=\"padding-left: 30px;\"><strong><span style=\"color: #993300;\">\u21d2 Mitglied beim FCB Dreil\u00e4ndereck werden ?<br \/>\n<\/span><\/strong><\/p>\n<p><strong><span style=\"color: #993300;\">\u00a0\u00a0\u00a0\u00a0\u00a0\u00a0 Hier gibt es den Mitgliedsantrag zum Download<\/span><span style=\"text-decoration: underline;\"><em><span style=\"color: #000000; text-decoration: underline;\"> &#8222;<a style=\"color: #000000; text-decoration: underline;\" href=\"http:\/\/fcb-dreilaendereck.de.w01ab5d4.kasserver.com\/wp-content\/uploads\/2014\/09\/Eintrittserkl\u00e4rung.pdf\" target=\"_blank\" rel=\"noopener noreferrer\">Eintrittserkl\u00e4rung&#8220;<\/a><\/span><\/em><\/span><\/strong><\/p>\n<p style=\"padding-left: 30px;\"><strong><span style=\"color: #993300;\">Reisevollmacht f\u00fcr Minderj\u00e4hrige zum Download<span style=\"text-decoration: underline;\"><a href=\"http:\/\/fcb-dreilaendereck.de.w01ab5d4.kasserver.com\/wp-content\/uploads\/2019\/10\/Reisevollmacht-Minderj\u00e4hrige.pdf\" target=\"_blank\" rel=\"noopener noreferrer\"><span style=\"color: #000000; text-decoration: underline;\"><em> &#8222;Reisevollmacht Minderj\u00e4hrige&#8220;<\/em><\/span><\/a><\/span><\/span><br \/>\n<\/strong><\/p>\n<p><span style=\"border-radius: 2px; text-indent: 20px; width: auto; padding: 0px 4px 0px 0px; text-align: center; font: bold 11px\/20px 'Helvetica Neue',Helvetica,sans-serif; color: #ffffff; background: #bd081c none no-repeat scroll 3px 50% \/ 14px 14px; position: absolute; opacity: 1; z-index: 8675309; display: none; cursor: pointer;\">Merken<\/span><\/p>\n<p><span style=\"border-radius: 2px; text-indent: 20px; width: auto; padding: 0px 4px 0px 0px; text-align: center; font: bold 11px\/20px 'Helvetica Neue',Helvetica,sans-serif; color: #ffffff; background: #bd081c none no-repeat scroll 3px 50% \/ 14px 14px; position: absolute; opacity: 0.85; z-index: 8675309; display: none; cursor: pointer; top: 150px; left: 683px;\">Merken<\/span><\/p>\n<p><span style=\"border-radius: 2px; text-indent: 20px; width: auto; padding: 0px 4px 0px 0px; text-align: center; font: bold 11px\/20px 'Helvetica Neue',Helvetica,sans-serif; color: #ffffff; background: #bd081c none no-repeat scroll 3px 50% \/ 14px 14px; position: absolute; opacity: 1; z-index: 8675309; display: none; cursor: pointer;\">Merken<\/span><\/p>\n<p><span style=\"border-radius: 2px; text-indent: 20px; width: auto; padding: 0px 4px 0px 0px; text-align: center; font: bold 11px\/20px 'Helvetica Neue',Helvetica,sans-serif; color: #ffffff; background: #bd081c none no-repeat scroll 3px 50% \/ 14px 14px; position: absolute; opacity: 1; z-index: 8675309; display: none; cursor: pointer; top: 150px; left: 683px;\">Merken<\/span><\/p>\n<p><span style=\"border-radius: 2px; text-indent: 20px; width: auto; padding: 0px 4px 0px 0px; text-align: center; font: bold 11px\/20px 'Helvetica Neue',Helvetica,sans-serif; color: #ffffff; background: #bd081c none no-repeat scroll 3px 50% \/ 14px 14px; position: absolute; opacity: 1; z-index: 8675309; display: none; cursor: pointer; top: 150px; left: 683px;\">Merken<\/span><\/p>\n<p><span style=\"border-radius: 2px; text-indent: 20px; width: auto; padding: 0px 4px 0px 0px; text-align: center; font: bold 11px\/20px 'Helvetica Neue',Helvetica,sans-serif; color: #ffffff; background: #bd081c none no-repeat scroll 3px 50% \/ 14px 14px; position: absolute; opacity: 1; z-index: 8675309; display: none; cursor: pointer; top: 150px; left: 683px;\">Merken<\/span><\/p>\n<p><span style=\"border-radius: 2px; text-indent: 20px; width: auto; padding: 0px 4px 0px 0px; text-align: center; font: bold 11px\/20px 'Helvetica Neue',Helvetica,sans-serif; color: #ffffff; background: #bd081c none no-repeat scroll 3px 50% \/ 14px 14px; position: absolute; opacity: 1; z-index: 8675309; display: none; cursor: pointer; top: 150px; left: 683px;\">Merken<\/span><\/p>\n<p><span style=\"border-radius: 2px; text-indent: 20px; width: auto; padding: 0px 4px 0px 0px; text-align: center; font: bold 11px\/20px 'Helvetica Neue',Helvetica,sans-serif; color: #ffffff; background: #bd081c none no-repeat scroll 3px 50% \/ 14px 14px; position: absolute; opacity: 1; z-index: 8675309; display: none; cursor: pointer;\">Merken<\/span><\/p>\n<p><span style=\"border-radius: 2px; text-indent: 20px; width: auto; padding: 0px 4px 0px 0px; text-align: center; font: bold 11px\/20px 'Helvetica Neue',Helvetica,sans-serif; color: #ffffff; background: #bd081c none no-repeat scroll 3px 50% \/ 14px 14px; position: absolute; opacity: 1; z-index: 8675309; display: none; cursor: pointer; top: 150px; left: 683px;\">Merken<\/span><\/p>\n<p><span style=\"border-radius: 2px; text-indent: 20px; width: auto; padding: 0px 4px 0px 0px; text-align: center; font: bold 11px\/20px 'Helvetica Neue',Helvetica,sans-serif; color: #ffffff; background: #bd081c none no-repeat scroll 3px 50% \/ 14px 14px; position: absolute; opacity: 1; z-index: 8675309; display: none; cursor: pointer; top: 150px; left: 683px;\">Merken<\/span><\/p>\n<p><span style=\"border-radius: 2px; text-indent: 20px; width: auto; padding: 0px 4px 0px 0px; text-align: center; font: bold 11px\/20px 'Helvetica Neue',Helvetica,sans-serif; color: #ffffff; background: #bd081c none no-repeat scroll 3px 50% \/ 14px 14px; position: absolute; opacity: 1; z-index: 8675309; display: none; cursor: pointer; top: 150px; left: 683px;\">Merken<\/span><\/p>\n<p><span style=\"border-radius: 2px; text-indent: 20px; width: auto; padding: 0px 4px 0px 0px; text-align: center; font: bold 11px\/20px 'Helvetica Neue',Helvetica,sans-serif; color: #ffffff; background: #bd081c none no-repeat scroll 3px 50% \/ 14px 14px; position: absolute; opacity: 1; z-index: 8675309; display: none; cursor: pointer;\">Merken<\/span><\/p>\n<p><span style=\"border-radius: 2px; text-indent: 20px; width: auto; padding: 0px 4px 0px 0px; text-align: center; font: bold 11px\/20px 'Helvetica Neue',Helvetica,sans-serif; color: #ffffff; background: #bd081c none no-repeat scroll 3px 50% \/ 14px 14px; position: absolute; opacity: 1; z-index: 8675309; display: none; cursor: pointer;\">Merken<\/span><\/p>\n<p><span style=\"border-radius: 2px; text-indent: 20px; width: auto; padding: 0px 4px 0px 0px; text-align: center; font: bold 11px\/20px 'Helvetica Neue',Helvetica,sans-serif; color: #ffffff; background: #bd081c no-repeat scroll 3px 50% \/ 14px 14px; position: absolute; opacity: 1; z-index: 8675309; display: none; cursor: pointer;\">Merken<\/span><\/p>\n<p><span style=\"border-radius: 2px; text-indent: 20px; width: auto; padding: 0px 4px 0px 0px; text-align: center; font: bold 11px\/20px 'Helvetica Neue',Helvetica,sans-serif; color: #ffffff; background: #bd081c no-repeat scroll 3px 50% \/ 14px 14px; position: absolute; opacity: 1; z-index: 8675309; display: none; cursor: pointer;\">Merken<\/span><\/p>\n<p><span style=\"border-radius: 2px; text-indent: 20px; width: auto; padding: 0px 4px 0px 0px; text-align: center; font: bold 11px\/20px 'Helvetica Neue',Helvetica,sans-serif; color: #ffffff; background: #bd081c no-repeat scroll 3px 50% \/ 14px 14px; position: absolute; opacity: 1; z-index: 8675309; display: none; cursor: pointer;\">Merken<\/span><\/p>\n<p><span style=\"border-radius: 2px; text-indent: 20px; width: auto; padding: 0px 4px 0px 0px; text-align: center; font: bold 11px\/20px 'Helvetica Neue',Helvetica,sans-serif; color: #ffffff; background: #bd081c no-repeat scroll 3px 50% \/ 14px 14px; position: absolute; opacity: 1; z-index: 8675309; display: none; cursor: pointer; top: 150px; left: 533px;\">Merken<\/span><\/p>\n<p><span style=\"border-radius: 2px; text-indent: 20px; width: auto; padding: 0px 4px 0px 0px; text-align: center; font: bold 11px\/20px 'Helvetica Neue',Helvetica,sans-serif; color: #ffffff; background: #bd081c no-repeat scroll 3px 50% \/ 14px 14px; position: absolute; opacity: 1; z-index: 8675309; display: none; cursor: pointer; top: 150px; left: 533px;\">Merken<\/span><\/p>\n<p><span style=\"border-radius: 2px; text-indent: 20px; width: auto; padding: 0px 4px 0px 0px; text-align: center; font: bold 11px\/20px 'Helvetica Neue',Helvetica,sans-serif; color: #ffffff; background: #bd081c no-repeat scroll 3px 50% \/ 14px 14px; position: absolute; opacity: 1; z-index: 8675309; display: none; cursor: pointer; top: 150px; left: 533px;\">Merken<\/span><\/p>\n<p><span style=\"border-radius: 2px; text-indent: 20px; width: auto; padding: 0px 4px 0px 0px; text-align: center; font: bold 11px\/20px 'Helvetica Neue',Helvetica,sans-serif; color: #ffffff; background: #bd081c no-repeat scroll 3px 50% \/ 14px 14px; position: absolute; opacity: 1; z-index: 8675309; display: none; cursor: pointer; top: 150px; left: 533px;\">Merken<\/span><\/p>\n<p><span style=\"border-radius: 2px; text-indent: 20px; width: auto; padding: 0px 4px 0px 0px; text-align: center; font: bold 11px\/20px 'Helvetica Neue',Helvetica,sans-serif; color: #ffffff; background: #bd081c no-repeat scroll 3px 50% \/ 14px 14px; position: absolute; opacity: 1; z-index: 8675309; display: none; cursor: pointer; top: 150px; left: 541px;\">Merken<\/span><\/p>\n<p><span style=\"border-radius: 2px; text-indent: 20px; width: auto; padding: 0px 4px 0px 0px; text-align: center; font: bold 11px\/20px 'Helvetica Neue',Helvetica,sans-serif; color: #ffffff; background: #bd081c no-repeat scroll 3px 50% \/ 14px 14px; position: absolute; opacity: 1; z-index: 8675309; display: none; cursor: pointer; top: 150px; left: 546px;\">Merken<\/span><\/p>\n<p><span style=\"border-radius: 2px; text-indent: 20px; width: auto; padding: 0px 4px 0px 0px; text-align: center; font: bold 11px\/20px 'Helvetica Neue',Helvetica,sans-serif; color: #ffffff; background: #bd081c no-repeat scroll 3px 50% \/ 14px 14px; position: absolute; opacity: 1; z-index: 8675309; display: none; cursor: pointer; top: 150px; left: 554px;\">Merken<\/span><\/p>\n<p><span style=\"border-radius: 2px; text-indent: 20px; width: auto; padding: 0px 4px 0px 0px; text-align: center; font: bold 11px\/20px 'Helvetica Neue',Helvetica,sans-serif; color: #ffffff; background: #bd081c no-repeat scroll 3px 50% \/ 14px 14px; position: absolute; opacity: 1; z-index: 8675309; display: none; cursor: pointer;\">Merken<\/span><\/p>\n<p><span style=\"border-radius: 2px; text-indent: 20px; width: auto; padding: 0px 4px 0px 0px; text-align: center; font: bold 11px\/20px 'Helvetica Neue',Helvetica,sans-serif; color: #ffffff; background: #bd081c no-repeat scroll 3px 50% \/ 14px 14px; position: absolute; opacity: 1; z-index: 8675309; display: none; cursor: pointer;\">Merken<\/span><\/p>\n<p><span style=\"border-radius: 2px; text-indent: 20px; width: auto; padding: 0px 4px 0px 0px; text-align: center; font: bold 11px\/20px 'Helvetica Neue',Helvetica,sans-serif; color: #ffffff; background: #bd081c no-repeat scroll 3px 50% \/ 14px 14px; position: absolute; opacity: 1; z-index: 8675309; display: none; cursor: pointer;\">Merken<\/span><\/p>\n<p><span style=\"border-radius: 2px; text-indent: 20px; width: auto; padding: 0px 4px 0px 0px; text-align: center; font: bold 11px\/20px 'Helvetica Neue',Helvetica,sans-serif; color: #ffffff; background: #bd081c no-repeat scroll 3px 50% \/ 14px 14px; position: absolute; opacity: 1; z-index: 8675309; display: none; cursor: pointer;\">Merken<\/span><\/p>\n<p><span style=\"border-radius: 2px; text-indent: 20px; width: auto; padding: 0px 4px 0px 0px; text-align: center; font: bold 11px\/20px 'Helvetica Neue',Helvetica,sans-serif; color: #ffffff; background: #bd081c no-repeat scroll 3px 50% \/ 14px 14px; position: absolute; opacity: 1; z-index: 8675309; display: none; cursor: pointer;\">Merken<\/span><\/p>\n","protected":false},"excerpt":{"rendered":"<p>Herzlich Willkommen beim FC Bayern M\u00fcnchen Fan-Club Dreil\u00e4ndereck Weitere\u00a0 Informationen und Bilder findet Ihr auch auf unserer Facebook-Seite wo Ihr auch die Seite unseres Premium-Partners liken Teilen und weiterempfehlen k\u00f6nnt: \u21d2 Karten f\u00fcr das aktuelle Spiel k\u00f6nnen ab sofort hier &hellip;<\/p>\n<p><a href=\"http:\/\/fcb-dreilaendereck.de\/\">Continue Reading<span class=\"meta-nav\">&rarr;<\/span><\/a><\/p>\n","protected":false},"author":1,"featured_media":0,"parent":0,"menu_order":0,"comment_status":"closed","ping_status":"closed","template":"","meta":{"ngg_post_thumbnail":0,"footnotes":""},"class_list":["post-2","page","type-page","status-publish","hentry"],"_links":{"self":[{"href":"http:\/\/fcb-dreilaendereck.de\/index.php?rest_route=\/wp\/v2\/pages\/2","targetHints":{"allow":["GET"]}}],"collection":[{"href":"http:\/\/fcb-dreilaendereck.de\/index.php?rest_route=\/wp\/v2\/pages"}],"about":[{"href":"http:\/\/fcb-dreilaendereck.de\/index.php?rest_route=\/wp\/v2\/types\/page"}],"author":[{"embeddable":true,"href":"http:\/\/fcb-dreilaendereck.de\/index.php?rest_route=\/wp\/v2\/users\/1"}],"replies":[{"embeddable":true,"href":"http:\/\/fcb-dreilaendereck.de\/index.php?rest_route=%2Fwp%2Fv2%2Fcomments&post=2"}],"version-history":[{"count":224,"href":"http:\/\/fcb-dreilaendereck.de\/index.php?rest_route=\/wp\/v2\/pages\/2\/revisions"}],"predecessor-version":[{"id":1161,"href":"http:\/\/fcb-dreilaendereck.de\/index.php?rest_route=\/wp\/v2\/pages\/2\/revisions\/1161"}],"wp:attachment":[{"href":"http:\/\/fcb-dreilaendereck.de\/index.php?rest_route=%2Fwp%2Fv2%2Fmedia&parent=2"}],"curies":[{"name":"wp","href":"https:\/\/api.w.org\/{rel}","templated":true}]}}