{"id":1047,"date":"2023-01-18T22:16:10","date_gmt":"2023-01-18T20:16:10","guid":{"rendered":"http:\/\/fcb-dreilaendereck.de\/?page_id=1047"},"modified":"2023-03-14T23:07:07","modified_gmt":"2023-03-14T21:07:07","slug":"karten-bestellen","status":"publish","type":"page","link":"http:\/\/fcb-dreilaendereck.de\/?page_id=1047","title":{"rendered":"Karten bestellen"},"content":{"rendered":"\n<h2><strong>Kartenbestellungen per E-Mail an <a href=\"bestellung@fcb-dreilaendereck.de\" target=\"_blank\" rel=\"noopener noreferrer\">bestellung@fcb-dreilaendereck.de<\/a> <\/strong><\/h2>\n<h2><br><strong>Ansprechpartner f\u00fcr Bestellung der Karten ist Dirk Beck.<\/strong><\/h2>\n<h2><br><strong>Bestellungen per Whatsapp, Anruf oder sonstige Wege k\u00f6nnen aus organisatorischen Gr\u00fcnden nicht akzeptiert weden.<\/strong><\/h2>\n<h2><br>Mitglieder des FCB Fanclub Dreil\u00e4ndereck k\u00f6nnen sofort nach Bekanntgabe des Spielplans vorrangig Pl\u00e4tze f\u00fcr unsere Busfahrten erwerben.<\/h2>\n<p><strong>Leistungen:<\/strong> Busfahrt in modernem Reisebus der Fa. Sutter Reisen mit WC, warmes Vesper auf der Hinfahrt und Sitzplatzkarte Kategorie 3 oder 4.<\/p>\n<p><strong>Hinweis:<\/strong> Bei <strong>TOP-Spielen<\/strong> behalten wir uns vor die Bestellmenge der Teilnehmer auf <strong>zwei Karten<\/strong> zu kontigentieren damit m\u00f6glichst viele Mitglieder mitfahren k\u00f6nnen.<\/p>\n<p>&nbsp;<\/p>\n<h3>\u21d2<strong> Info und Anmeldung:<\/strong><\/h3>\n<p>per E-Mail: <strong><a href=\"http:\/\/fcb-dreilaendereck.de\/bestellung@fcb-dreilaendereck.de\" target=\"_blank\" rel=\"noopener noreferrer\">bestellung@fcb-dreilaendereck.de<\/a><\/strong><\/p>\n<ul>\n<li><strong>Bitte alle vollst\u00e4ndigen Namen, Alter, Adressen und Telefonnummer f\u00fcr R\u00fcckfragen!!!<\/strong><\/li>\n<li><strong>Nach der Anmeldung bitte pro Person umgehend den Fahrten- und Kartenbetrag unter Angabe des Spieles auf unser Konto bei der Volksbank Breisgau-S\u00fcd e.G. \u00fcberweisen:<\/strong><\/li>\n<\/ul>\n<p><strong>Bank: Volksbank Breisgau S\u00fcd e.G.<br>Konto (IBAN): DE47 6806 1505 0040 1608 09<\/strong><\/p>\n<p><strong>Verwendungszweck: Bitte die Spielpaarung angeben<\/strong><\/p>\n<p><strong>Kontoinhaber: FCB Dreilaendereck, E. Krause<\/strong><\/p>\n","protected":false},"excerpt":{"rendered":"<p>Kartenbestellungen per E-Mail an bestellung@fcb-dreilaendereck.de Ansprechpartner f\u00fcr Bestellung der Karten ist Dirk Beck. Bestellungen per Whatsapp, Anruf oder sonstige Wege k\u00f6nnen aus organisatorischen Gr\u00fcnden nicht akzeptiert weden. Mitglieder des FCB Fanclub Dreil\u00e4ndereck k\u00f6nnen sofort nach Bekanntgabe des Spielplans vorrangig Pl\u00e4tze &hellip;<\/p>\n<p><a href=\"http:\/\/fcb-dreilaendereck.de\/?page_id=1047\">Continue Reading<span class=\"meta-nav\">&rarr;<\/span><\/a><\/p>\n","protected":false},"author":5,"featured_media":0,"parent":0,"menu_order":0,"comment_status":"closed","ping_status":"closed","template":"","meta":{"ngg_post_thumbnail":0,"footnotes":""},"class_list":["post-1047","page","type-page","status-publish","hentry"],"_links":{"self":[{"href":"http:\/\/fcb-dreilaendereck.de\/index.php?rest_route=\/wp\/v2\/pages\/1047","targetHints":{"allow":["GET"]}}],"collection":[{"href":"http:\/\/fcb-dreilaendereck.de\/index.php?rest_route=\/wp\/v2\/pages"}],"about":[{"href":"http:\/\/fcb-dreilaendereck.de\/index.php?rest_route=\/wp\/v2\/types\/page"}],"author":[{"embeddable":true,"href":"http:\/\/fcb-dreilaendereck.de\/index.php?rest_route=\/wp\/v2\/users\/5"}],"replies":[{"embeddable":true,"href":"http:\/\/fcb-dreilaendereck.de\/index.php?rest_route=%2Fwp%2Fv2%2Fcomments&post=1047"}],"version-history":[{"count":2,"href":"http:\/\/fcb-dreilaendereck.de\/index.php?rest_route=\/wp\/v2\/pages\/1047\/revisions"}],"predecessor-version":[{"id":1099,"href":"http:\/\/fcb-dreilaendereck.de\/index.php?rest_route=\/wp\/v2\/pages\/1047\/revisions\/1099"}],"wp:attachment":[{"href":"http:\/\/fcb-dreilaendereck.de\/index.php?rest_route=%2Fwp%2Fv2%2Fmedia&parent=1047"}],"curies":[{"name":"wp","href":"https:\/\/api.w.org\/{rel}","templated":true}]}}